{"id":6815,"date":"2024-07-10T12:22:43","date_gmt":"2024-07-10T11:22:43","guid":{"rendered":"https:\/\/dynfut.cz\/witness\/"},"modified":"2024-07-11T12:59:13","modified_gmt":"2024-07-11T11:59:13","slug":"witness","status":"publish","type":"page","link":"https:\/\/dynfut.cz\/en\/products-and-services\/witness\/","title":{"rendered":"Witness"},"content":{"rendered":"\n<p><strong>Predictive technologies <\/strong>and<strong> simulation methods<\/strong> are attracting more and more attention from experts in many fields. Maintaining competitiveness and raising the level of service delivery requires organisations to continuously change. In an environment of strict cost control, it is necessary to verify the possibilities of planned systems and find innovative and successful solutions.<\/p>\n\n<p>However, the requirement to change technological or organisational processes brings with it a certain risk. WITNESS helps reduce this risk by <strong>allowing you to model your work environment<\/strong> and <strong>simulate the consequences of various<\/strong> <strong>decisions<\/strong>. The result is a <strong>greater level of confidence<\/strong> that the proposed solution is the right one for the organisation &#8211; even before it is implemented. There is not a single world-class company that does not use predictive technology as a standard management tool.<\/p>\n\n<figure class=\"wp-block-embed is-type-video is-provider-youtube wp-block-embed-youtube wp-embed-aspect-16-9 wp-has-aspect-ratio\"><div class=\"wp-block-embed__wrapper\">\n<iframe loading=\"lazy\" title=\"Twinn Witness Predictive Simulation Software\" width=\"500\" height=\"281\" src=\"https:\/\/www.youtube.com\/embed\/hzSv3kQrut0?feature=oembed\" frameborder=\"0\" allow=\"accelerometer; autoplay; clipboard-write; encrypted-media; gyroscope; picture-in-picture; web-share\" referrerpolicy=\"strict-origin-when-cross-origin\" allowfullscreen><\/iframe>\n<\/div><\/figure>\n\n<h2 class=\"wp-block-heading\"><strong>WITNESS<\/strong> exists in two versions<\/h2>\n\n<div class=\"wp-block-columns is-layout-flex wp-container-core-columns-is-layout-1 wp-block-columns-is-layout-flex\">\n<div class=\"wp-block-column is-layout-flow wp-block-column-is-layout-flow\">\n<figure class=\"wp-block-image size-full\"><img loading=\"lazy\" decoding=\"async\" width=\"300\" height=\"300\" src=\"https:\/\/dynfut.cz\/wp-content\/uploads\/2024\/07\/manu.png\" alt=\"Witness\" class=\"wp-image-6771\" srcset=\"https:\/\/dynfut.cz\/wp-content\/uploads\/2024\/07\/manu.png 300w, https:\/\/dynfut.cz\/wp-content\/uploads\/2024\/07\/manu-150x150.png 150w\" sizes=\"(max-width: 300px) 100vw, 300px\" \/><\/figure>\n\n\n\n<h3 class=\"wp-block-heading\">MANUFACTURING PERFORMANCE<br\/>EDITION<\/h3>\n\n\n\n<p><strong><em>for the production and logistics sector<\/em><\/strong><\/p>\n<\/div>\n\n\n\n<div class=\"wp-block-column is-layout-flow wp-block-column-is-layout-flow\">\n<figure class=\"wp-block-image size-full\"><img loading=\"lazy\" decoding=\"async\" width=\"300\" height=\"300\" src=\"https:\/\/dynfut.cz\/wp-content\/uploads\/2024\/07\/services.png\" alt=\"Witness\" class=\"wp-image-6773\" srcset=\"https:\/\/dynfut.cz\/wp-content\/uploads\/2024\/07\/services.png 300w, https:\/\/dynfut.cz\/wp-content\/uploads\/2024\/07\/services-150x150.png 150w\" sizes=\"(max-width: 300px) 100vw, 300px\" \/><\/figure>\n\n\n\n<h3 class=\"wp-block-heading\">SERVICE AND PROCESS PERFORMANCE<br\/>EDITION<\/h3>\n\n\n\n<p><strong><em>for the service area it is the version<\/em><\/strong><\/p>\n<\/div>\n<\/div>\n\n<h2 class=\"wp-block-heading\">The core of the system<\/h2>\n\n<p>The <strong>WITNESS<\/strong> core system is complemented by modules for process optimization, design and evaluation of experiments, presentation of simulation results, display in virtual reality, interfacing with CAD\/CAM systems, model documentation and knowledge extraction from large data sets.<\/p>\n\n<p>WITNESS adds a new dimension to production modelling. The new 3D visualization capability in WITNESS improves on previous Quick3D capabilities.<\/p>\n\n<p>WITNESS is built using a new 3D architecture by Virtalis &#8211; a Lanner partner.<\/p>\n\n<figure class=\"wp-block-embed is-type-video is-provider-vimeo wp-block-embed-vimeo wp-embed-aspect-16-9 wp-has-aspect-ratio\"><div class=\"wp-block-embed__wrapper\">\n<iframe loading=\"lazy\" title=\"WITNESS Horizon 22.0 - Using a Table Visualisation of Your Data Table\" src=\"https:\/\/player.vimeo.com\/video\/265176870?dnt=1&amp;app_id=122963\" width=\"500\" height=\"267\" frameborder=\"0\" allow=\"autoplay; fullscreen; picture-in-picture; clipboard-write\"><\/iframe>\n<\/div><\/figure>\n\n<div style=\"height:41px\" aria-hidden=\"true\" class=\"wp-block-spacer\"><\/div>\n\n<h2 class=\"wp-block-heading\">Virtalis Visionary Render<\/h2>\n\n<p>WITNESS is powered by <strong>Virtalis Visionary Render, which<\/strong> supports modern gaming interfaces such as 3D displays. This architecture also takes advantage of <strong>modern multi-core computing<\/strong> to deliver smooth model navigation and <strong>stunning animation during simulations<\/strong>.<\/p>\n\n<div style=\"height:41px\" aria-hidden=\"true\" class=\"wp-block-spacer\"><\/div>\n\n<figure class=\"wp-block-image size-full\"><img loading=\"lazy\" decoding=\"async\" width=\"1920\" height=\"944\" src=\"https:\/\/dynfut.cz\/wp-content\/uploads\/2024\/07\/back5.jpg\" alt=\"Witness\" class=\"wp-image-6775\" srcset=\"https:\/\/dynfut.cz\/wp-content\/uploads\/2024\/07\/back5.jpg 1920w, https:\/\/dynfut.cz\/wp-content\/uploads\/2024\/07\/back5-150x74.jpg 150w, https:\/\/dynfut.cz\/wp-content\/uploads\/2024\/07\/back5-768x378.jpg 768w, https:\/\/dynfut.cz\/wp-content\/uploads\/2024\/07\/back5-1536x755.jpg 1536w\" sizes=\"(max-width: 1920px) 100vw, 1920px\" \/><\/figure>\n\n<h2 class=\"wp-block-heading\"><strong>Quick3D<\/strong><\/h2>\n\n<p>Quick3D environment is generated as in previous versions. With a single click, you can create an entire 3D model based on a 2D layout model. This means more engaging visualisation without the additional workload.<\/p>\n\n<p>Simple direct import is now taken as standard, allowing users to customize their model using many open 3D object libraries. These will help them create cutting-edge demonstrations and video simulations that improve communication with clients.<\/p>\n\n<h2 class=\"wp-block-heading\">The main advantages of <strong>WITNESS<\/strong><\/h2>\n\n<ul class=\"wp-block-list\">\n<li>Higher performance. All models run significantly faster in the new software. Tuning the features on the various graphics cards available allows for optimal image value and quality.<\/li>\n\n\n\n<li>Graphics cards support features such as shadows &#8211; graphical rendering is significantly improved<\/li>\n\n\n\n<li>WITNESS provides an enhanced library of shapes and objects<\/li>\n\n\n\n<li>New 3D shape import options can now be used directly in WITNESS<\/li>\n\n\n\n<li>Shapes can be imported using the popular COLLADA (.dae) format &#8211; providing access to libraries directly from the web and free products such as Sketchup and Blender<\/li>\n\n\n\n<li>It is now possible to set the positions of machine parts in relation to the machine shapes directly in WITNESS (the same applies to the positions of vehicle parts, rolling stock, conveyor parts, etc.)<\/li>\n\n\n\n<li>Lines, rectangles and ellipses can be extruded. Each layer in WITNESS can be extruded into a different material with different mouldings to create multiple 3D layers and other constructions. Each layer can be created in an imported color\/image<\/li>\n\n\n\n<li>Animations created in 3D geometry are controlled by WITNESS functions.<\/li>\n<\/ul>\n","protected":false},"excerpt":{"rendered":"<p>WITNESS Horizon adds a new dimension to production modelling. New graphics, simpler setup, improved 3D rendering, standardization of elements for 2D and 3D allows to highlight the visualization capability in WITNESS Horizon. WITNESS Horizon brings new functionality to floating toolbars and brings a new user experience to model creation. Improved continuous element functionality and WITNESS Horizon an efficient tool for optimizing continuous elements. New movement tools allow for much more efficient movement of cranes and material.<\/p>\n","protected":false},"author":5,"featured_media":0,"parent":30,"menu_order":0,"comment_status":"closed","ping_status":"closed","template":"","meta":{"footnotes":""},"class_list":["post-6815","page","type-page","status-publish","hentry"],"acf":[],"yoast_head":"<!-- This site is optimized with the Yoast SEO plugin v23.3 - https:\/\/yoast.com\/wordpress\/plugins\/seo\/ -->\n<title>Witness | DYNAMIC FUTURE<\/title>\n<meta name=\"robots\" content=\"index, follow, max-snippet:-1, max-image-preview:large, max-video-preview:-1\" \/>\n<link rel=\"canonical\" href=\"https:\/\/dynfut.cz\/en\/products-and-services\/witness\/\" \/>\n<meta property=\"og:locale\" content=\"en_US\" \/>\n<meta property=\"og:type\" content=\"article\" \/>\n<meta property=\"og:title\" content=\"WITNESS - official distributor for the Czech Republic\" \/>\n<meta property=\"og:description\" content=\"WITNESS Horizon adds a new dimension to production modelling. New graphics, simpler setup, improved 3D rendering, standardization of elements for 2D and 3D allows to highlight the visualization capability in WITNESS Horizon. WITNESS Horizon brings new functionality to floating toolbars and brings a new user experience to model creation. Improved continuous element functionality and WITNESS Horizon an efficient tool for optimizing continuous elements. New movement tools allow for much more efficient movement of cranes and material.\" \/>\n<meta property=\"og:url\" content=\"https:\/\/dynfut.cz\/en\/products-and-services\/witness\/\" \/>\n<meta property=\"og:site_name\" content=\"DYNAMIC FUTURE\" \/>\n<meta property=\"article:modified_time\" content=\"2024-07-11T11:59:13+00:00\" \/>\n<meta property=\"og:image\" content=\"https:\/\/dynfut.cz\/wp-content\/uploads\/2024\/07\/manu.png\" \/>\n<meta name=\"twitter:card\" content=\"summary_large_image\" \/>\n<meta name=\"twitter:title\" content=\"WITNESS - official distributor for the Czech Republic\" \/>\n<meta name=\"twitter:label1\" content=\"Est. reading time\" \/>\n\t<meta name=\"twitter:data1\" content=\"3 minutes\" \/>\n<script type=\"application\/ld+json\" class=\"yoast-schema-graph\">{\"@context\":\"https:\/\/schema.org\",\"@graph\":[{\"@type\":\"WebPage\",\"@id\":\"https:\/\/dynfut.cz\/en\/products-and-services\/witness\/\",\"url\":\"https:\/\/dynfut.cz\/en\/products-and-services\/witness\/\",\"name\":\"Witness | DYNAMIC FUTURE\",\"isPartOf\":{\"@id\":\"https:\/\/dynfut.cz\/en\/#website\"},\"primaryImageOfPage\":{\"@id\":\"https:\/\/dynfut.cz\/en\/products-and-services\/witness\/#primaryimage\"},\"image\":{\"@id\":\"https:\/\/dynfut.cz\/en\/products-and-services\/witness\/#primaryimage\"},\"thumbnailUrl\":\"https:\/\/dynfut.cz\/wp-content\/uploads\/2024\/07\/manu.png\",\"datePublished\":\"2024-07-10T11:22:43+00:00\",\"dateModified\":\"2024-07-11T11:59:13+00:00\",\"breadcrumb\":{\"@id\":\"https:\/\/dynfut.cz\/en\/products-and-services\/witness\/#breadcrumb\"},\"inLanguage\":\"en-US\",\"potentialAction\":[{\"@type\":\"ReadAction\",\"target\":[\"https:\/\/dynfut.cz\/en\/products-and-services\/witness\/\"]}]},{\"@type\":\"ImageObject\",\"inLanguage\":\"en-US\",\"@id\":\"https:\/\/dynfut.cz\/en\/products-and-services\/witness\/#primaryimage\",\"url\":\"https:\/\/dynfut.cz\/wp-content\/uploads\/2024\/07\/manu.png\",\"contentUrl\":\"https:\/\/dynfut.cz\/wp-content\/uploads\/2024\/07\/manu.png\"},{\"@type\":\"BreadcrumbList\",\"@id\":\"https:\/\/dynfut.cz\/en\/products-and-services\/witness\/#breadcrumb\",\"itemListElement\":[{\"@type\":\"ListItem\",\"position\":1,\"name\":\"Home\",\"item\":\"https:\/\/dynfut.cz\/en\/\"},{\"@type\":\"ListItem\",\"position\":2,\"name\":\"Witness\"}]},{\"@type\":\"WebSite\",\"@id\":\"https:\/\/dynfut.cz\/en\/#website\",\"url\":\"https:\/\/dynfut.cz\/en\/\",\"name\":\"Dynamic Future s.r.o.\",\"description\":\"digital twins (digit\u00e1ln\u00ed dvoj\u010data) pro p\u0159esn\u00e9 rozhodov\u00e1n\u00ed v pr\u016fmyslu a logistice\",\"publisher\":{\"@id\":\"https:\/\/dynfut.cz\/en\/#organization\"},\"potentialAction\":[{\"@type\":\"SearchAction\",\"target\":{\"@type\":\"EntryPoint\",\"urlTemplate\":\"https:\/\/dynfut.cz\/en\/?s={search_term_string}\"},\"query-input\":\"required name=search_term_string\"}],\"inLanguage\":\"en-US\"},{\"@type\":\"Organization\",\"@id\":\"https:\/\/dynfut.cz\/en\/#organization\",\"name\":\"Dynamic Future s.r.o.\",\"url\":\"https:\/\/dynfut.cz\/en\/\",\"logo\":{\"@type\":\"ImageObject\",\"inLanguage\":\"en-US\",\"@id\":\"https:\/\/dynfut.cz\/en\/#\/schema\/logo\/image\/\",\"url\":\"https:\/\/dynfut.cz\/wp-content\/uploads\/2023\/11\/526d5559-a9b3-4197-826b-949d1ffb4a85.jpg\",\"contentUrl\":\"https:\/\/dynfut.cz\/wp-content\/uploads\/2023\/11\/526d5559-a9b3-4197-826b-949d1ffb4a85.jpg\",\"width\":149,\"height\":122,\"caption\":\"Dynamic Future s.r.o.\"},\"image\":{\"@id\":\"https:\/\/dynfut.cz\/en\/#\/schema\/logo\/image\/\"}}]}<\/script>\n<!-- \/ Yoast SEO plugin. -->","yoast_head_json":{"title":"Witness | DYNAMIC FUTURE","robots":{"index":"index","follow":"follow","max-snippet":"max-snippet:-1","max-image-preview":"max-image-preview:large","max-video-preview":"max-video-preview:-1"},"canonical":"https:\/\/dynfut.cz\/en\/products-and-services\/witness\/","og_locale":"en_US","og_type":"article","og_title":"WITNESS - official distributor for the Czech Republic","og_description":"WITNESS Horizon adds a new dimension to production modelling. New graphics, simpler setup, improved 3D rendering, standardization of elements for 2D and 3D allows to highlight the visualization capability in WITNESS Horizon. WITNESS Horizon brings new functionality to floating toolbars and brings a new user experience to model creation. Improved continuous element functionality and WITNESS Horizon an efficient tool for optimizing continuous elements. New movement tools allow for much more efficient movement of cranes and material.","og_url":"https:\/\/dynfut.cz\/en\/products-and-services\/witness\/","og_site_name":"DYNAMIC FUTURE","article_modified_time":"2024-07-11T11:59:13+00:00","og_image":[{"url":"https:\/\/dynfut.cz\/wp-content\/uploads\/2024\/07\/manu.png"}],"twitter_card":"summary_large_image","twitter_title":"WITNESS - official distributor for the Czech Republic","twitter_misc":{"Est. reading time":"3 minutes"},"schema":{"@context":"https:\/\/schema.org","@graph":[{"@type":"WebPage","@id":"https:\/\/dynfut.cz\/en\/products-and-services\/witness\/","url":"https:\/\/dynfut.cz\/en\/products-and-services\/witness\/","name":"Witness | DYNAMIC FUTURE","isPartOf":{"@id":"https:\/\/dynfut.cz\/en\/#website"},"primaryImageOfPage":{"@id":"https:\/\/dynfut.cz\/en\/products-and-services\/witness\/#primaryimage"},"image":{"@id":"https:\/\/dynfut.cz\/en\/products-and-services\/witness\/#primaryimage"},"thumbnailUrl":"https:\/\/dynfut.cz\/wp-content\/uploads\/2024\/07\/manu.png","datePublished":"2024-07-10T11:22:43+00:00","dateModified":"2024-07-11T11:59:13+00:00","breadcrumb":{"@id":"https:\/\/dynfut.cz\/en\/products-and-services\/witness\/#breadcrumb"},"inLanguage":"en-US","potentialAction":[{"@type":"ReadAction","target":["https:\/\/dynfut.cz\/en\/products-and-services\/witness\/"]}]},{"@type":"ImageObject","inLanguage":"en-US","@id":"https:\/\/dynfut.cz\/en\/products-and-services\/witness\/#primaryimage","url":"https:\/\/dynfut.cz\/wp-content\/uploads\/2024\/07\/manu.png","contentUrl":"https:\/\/dynfut.cz\/wp-content\/uploads\/2024\/07\/manu.png"},{"@type":"BreadcrumbList","@id":"https:\/\/dynfut.cz\/en\/products-and-services\/witness\/#breadcrumb","itemListElement":[{"@type":"ListItem","position":1,"name":"Home","item":"https:\/\/dynfut.cz\/en\/"},{"@type":"ListItem","position":2,"name":"Witness"}]},{"@type":"WebSite","@id":"https:\/\/dynfut.cz\/en\/#website","url":"https:\/\/dynfut.cz\/en\/","name":"Dynamic Future s.r.o.","description":"digital twins (digit\u00e1ln\u00ed dvoj\u010data) pro p\u0159esn\u00e9 rozhodov\u00e1n\u00ed v pr\u016fmyslu a logistice","publisher":{"@id":"https:\/\/dynfut.cz\/en\/#organization"},"potentialAction":[{"@type":"SearchAction","target":{"@type":"EntryPoint","urlTemplate":"https:\/\/dynfut.cz\/en\/?s={search_term_string}"},"query-input":"required name=search_term_string"}],"inLanguage":"en-US"},{"@type":"Organization","@id":"https:\/\/dynfut.cz\/en\/#organization","name":"Dynamic Future s.r.o.","url":"https:\/\/dynfut.cz\/en\/","logo":{"@type":"ImageObject","inLanguage":"en-US","@id":"https:\/\/dynfut.cz\/en\/#\/schema\/logo\/image\/","url":"https:\/\/dynfut.cz\/wp-content\/uploads\/2023\/11\/526d5559-a9b3-4197-826b-949d1ffb4a85.jpg","contentUrl":"https:\/\/dynfut.cz\/wp-content\/uploads\/2023\/11\/526d5559-a9b3-4197-826b-949d1ffb4a85.jpg","width":149,"height":122,"caption":"Dynamic Future s.r.o."},"image":{"@id":"https:\/\/dynfut.cz\/en\/#\/schema\/logo\/image\/"}}]}},"_links":{"self":[{"href":"https:\/\/dynfut.cz\/en\/wp-json\/wp\/v2\/pages\/6815"}],"collection":[{"href":"https:\/\/dynfut.cz\/en\/wp-json\/wp\/v2\/pages"}],"about":[{"href":"https:\/\/dynfut.cz\/en\/wp-json\/wp\/v2\/types\/page"}],"author":[{"embeddable":true,"href":"https:\/\/dynfut.cz\/en\/wp-json\/wp\/v2\/users\/5"}],"replies":[{"embeddable":true,"href":"https:\/\/dynfut.cz\/en\/wp-json\/wp\/v2\/comments?post=6815"}],"version-history":[{"count":3,"href":"https:\/\/dynfut.cz\/en\/wp-json\/wp\/v2\/pages\/6815\/revisions"}],"predecessor-version":[{"id":6818,"href":"https:\/\/dynfut.cz\/en\/wp-json\/wp\/v2\/pages\/6815\/revisions\/6818"}],"up":[{"embeddable":true,"href":"https:\/\/dynfut.cz\/en\/wp-json\/wp\/v2\/pages\/30"}],"wp:attachment":[{"href":"https:\/\/dynfut.cz\/en\/wp-json\/wp\/v2\/media?parent=6815"}],"curies":[{"name":"wp","href":"https:\/\/api.w.org\/{rel}","templated":true}]}}