{"id":7155,"date":"2025-01-13T11:54:15","date_gmt":"2025-01-13T10:54:15","guid":{"rendered":"https:\/\/dynfut.cz\/products-and-services\/intelligent-warehouse-management-salso-wms\/"},"modified":"2025-04-30T12:33:38","modified_gmt":"2025-04-30T11:33:38","slug":"intelligent-warehouse-management-salso-wms","status":"publish","type":"page","link":"https:\/\/dynfut.cz\/en\/products-and-services\/intelligent-warehouse-management-salso-wms\/","title":{"rendered":"Intelligent warehouse management &#8211; SALSO WMS"},"content":{"rendered":"\n<p><strong>A comprehensive warehouse management system simplifies and streamlines all warehouse processes. It integrates with your ERP and delivers increased productivity, reduced errors and operational cost savings. <\/strong><\/p>\n\n<ul class=\"wp-block-list\">\n<li>Are you struggling with inefficient inventory management?<\/li>\n\n\n\n<li>Are you wasting time manually entering data?<\/li>\n\n\n\n<li>Do you lack a real-time overview of stock movements?<\/li>\n<\/ul>\n\n<figure class=\"wp-block-image size-full\"><img loading=\"lazy\" decoding=\"async\" width=\"1200\" height=\"628\" src=\"https:\/\/dynfut.cz\/wp-content\/uploads\/2025\/01\/Salso-WMS-web.png\" alt=\"Intelligent warehouse management &#8211; SALSO WMS\" class=\"wp-image-7070\" srcset=\"https:\/\/dynfut.cz\/wp-content\/uploads\/2025\/01\/Salso-WMS-web.png 1200w, https:\/\/dynfut.cz\/wp-content\/uploads\/2025\/01\/Salso-WMS-web-150x79.png 150w, https:\/\/dynfut.cz\/wp-content\/uploads\/2025\/01\/Salso-WMS-web-768x402.png 768w\" sizes=\"(max-width: 1200px) 100vw, 1200px\" \/><\/figure>\n\n<h2 class=\"wp-block-heading\"><br\/><sub>SALSOWMS<\/sub> is a modern warehouse management system that:<\/h2>\n\n<ul class=\"wp-block-list\">\n<li>It will adapt to your specific needs and grow with your business.<\/li>\n\n\n\n<li>Automates warehouse processes from receipt to dispatch.<\/li>\n\n\n\n<li>It uses wireless technology and mobile terminals for instant processing.<\/li>\n\n\n\n<li>Integrates with all standard ERP systems.<\/li>\n\n\n\n<li>Automates routine activities.<\/li>\n\n\n\n<li>It tracks inventory in real time and records FIFO\/FEFO batches.<\/li>\n<\/ul>\n\n<h2 class=\"wp-block-heading\">Why bet on <sub>SALSOWMS<\/sub><\/h2>\n\n<p>A warehouse management system significantly affects the efficiency and profitability of your business. When choosing<br\/>you need a partner who understands your needs and can help you achieve maximum results. <sub>SALSOWMS<\/sub> is<br\/>solution that combines expertise, flexibility and proven results.  <\/p>\n\n<ol class=\"wp-block-list\">\n<li>Tailor-made solutions: We won&#8217;t impose a predefined system on you. We will thoroughly analyze your<br\/>processes and adapt <sub>SALSOWMS<\/sub> to your exact needs. <\/li>\n\n\n\n<li>Simplicity and clarity: we believe that the best system is one that is easy to work with.<br\/><sub>SALSOWMS<\/sub> offers intuitive operation and a clear interface for all users.<\/li>\n\n\n\n<li>Fast implementation: thanks to our experience, we can implement the system quickly and with<br\/>minimal disruption to your operations.<\/li>\n\n\n\n<li>Flexible growth: <sub>SALSOWMS<\/sub> grows with your company. You start with the basic features and can add more at any time<br\/>to suit your current needs. <\/li>\n\n\n\n<li>Comprehensive support: we are ready to help you 24\/7. Our specialists know the system in<br\/>detail and will quickly solve any problem. <\/li>\n\n\n\n<li>Guaranteed return: automating processes, eliminating errors and increasing productivity will ensure<br\/>a quick return on your investment.<\/li>\n\n\n\n<li>Proven references: we are trusted by dozens of satisfied customers across a variety of industries.<br\/>We are happy to provide you with references from companies similar to yours.<\/li>\n<\/ol>\n\n<p>With <sub>SALSOWMS<\/sub>, you not only get <strong>a state-of-the-art warehouse management system<\/strong>, but above all a reliable partner for long-term <strong>logistics development<\/strong>.<\/p>\n\n<div style=\"height:38px\" aria-hidden=\"true\" class=\"wp-block-spacer\"><\/div>\n\n<div class=\"wp-block-buttons is-layout-flex wp-block-buttons-is-layout-flex\">\n<div class=\"wp-block-button\"><a class=\"wp-block-button__link wp-element-button\" href=\"https:\/\/dynfut.cz\/en\/contact\/\">I am interested in more detailed information<\/a><\/div>\n<\/div>\n","protected":false},"excerpt":{"rendered":"<p>A comprehensive warehouse management system simplifies and streamlines all warehouse processes. It integrates with your ERP and delivers increased productivity, reduced errors and operational cost savings. <\/p>\n","protected":false},"author":5,"featured_media":0,"parent":30,"menu_order":0,"comment_status":"closed","ping_status":"closed","template":"","meta":{"footnotes":""},"class_list":["post-7155","page","type-page","status-publish","hentry"],"acf":[],"yoast_head":"<!-- This site is optimized with the Yoast SEO plugin v23.3 - https:\/\/yoast.com\/wordpress\/plugins\/seo\/ -->\n<title>Intelligent warehouse management - SALSO WMS | DYNAMIC FUTURE<\/title>\n<meta name=\"robots\" content=\"index, follow, max-snippet:-1, max-image-preview:large, max-video-preview:-1\" \/>\n<link rel=\"canonical\" href=\"https:\/\/dynfut.cz\/en\/products-and-services\/intelligent-warehouse-management-salso-wms\/\" \/>\n<meta property=\"og:locale\" content=\"en_US\" \/>\n<meta property=\"og:type\" content=\"article\" \/>\n<meta property=\"og:title\" content=\"Intelligent warehouse management - SALSO WMS\" \/>\n<meta property=\"og:description\" content=\"A comprehensive warehouse management system simplifies and streamlines all warehouse processes. It integrates with your ERP and delivers increased productivity, reduced errors and operational cost savings.\" \/>\n<meta property=\"og:url\" content=\"https:\/\/dynfut.cz\/en\/products-and-services\/intelligent-warehouse-management-salso-wms\/\" \/>\n<meta property=\"og:site_name\" content=\"DYNAMIC FUTURE\" \/>\n<meta property=\"article:modified_time\" content=\"2025-04-30T11:33:38+00:00\" \/>\n<meta property=\"og:image\" content=\"https:\/\/dynfut.cz\/wp-content\/uploads\/2025\/01\/Salso-WMS-web.png\" \/>\n<meta name=\"twitter:card\" content=\"summary_large_image\" \/>\n<meta name=\"twitter:title\" content=\"Intelligent warehouse management - SALSO WMS\" \/>\n<meta name=\"twitter:image\" content=\"https:\/\/dynfut.cz\/wp-content\/uploads\/2025\/01\/Salso-WMS-2.png\" \/>\n<meta name=\"twitter:label1\" content=\"Est. reading time\" \/>\n\t<meta name=\"twitter:data1\" content=\"2 minutes\" \/>\n<script type=\"application\/ld+json\" class=\"yoast-schema-graph\">{\"@context\":\"https:\/\/schema.org\",\"@graph\":[{\"@type\":\"WebPage\",\"@id\":\"https:\/\/dynfut.cz\/en\/products-and-services\/intelligent-warehouse-management-salso-wms\/\",\"url\":\"https:\/\/dynfut.cz\/en\/products-and-services\/intelligent-warehouse-management-salso-wms\/\",\"name\":\"Intelligent warehouse management - SALSO WMS | DYNAMIC FUTURE\",\"isPartOf\":{\"@id\":\"https:\/\/dynfut.cz\/en\/#website\"},\"primaryImageOfPage\":{\"@id\":\"https:\/\/dynfut.cz\/en\/products-and-services\/intelligent-warehouse-management-salso-wms\/#primaryimage\"},\"image\":{\"@id\":\"https:\/\/dynfut.cz\/en\/products-and-services\/intelligent-warehouse-management-salso-wms\/#primaryimage\"},\"thumbnailUrl\":\"https:\/\/dynfut.cz\/wp-content\/uploads\/2025\/01\/Salso-WMS-web.png\",\"datePublished\":\"2025-01-13T10:54:15+00:00\",\"dateModified\":\"2025-04-30T11:33:38+00:00\",\"breadcrumb\":{\"@id\":\"https:\/\/dynfut.cz\/en\/products-and-services\/intelligent-warehouse-management-salso-wms\/#breadcrumb\"},\"inLanguage\":\"en-US\",\"potentialAction\":[{\"@type\":\"ReadAction\",\"target\":[\"https:\/\/dynfut.cz\/en\/products-and-services\/intelligent-warehouse-management-salso-wms\/\"]}]},{\"@type\":\"ImageObject\",\"inLanguage\":\"en-US\",\"@id\":\"https:\/\/dynfut.cz\/en\/products-and-services\/intelligent-warehouse-management-salso-wms\/#primaryimage\",\"url\":\"https:\/\/dynfut.cz\/wp-content\/uploads\/2025\/01\/Salso-WMS-web.png\",\"contentUrl\":\"https:\/\/dynfut.cz\/wp-content\/uploads\/2025\/01\/Salso-WMS-web.png\"},{\"@type\":\"BreadcrumbList\",\"@id\":\"https:\/\/dynfut.cz\/en\/products-and-services\/intelligent-warehouse-management-salso-wms\/#breadcrumb\",\"itemListElement\":[{\"@type\":\"ListItem\",\"position\":1,\"name\":\"Home\",\"item\":\"https:\/\/dynfut.cz\/en\/\"},{\"@type\":\"ListItem\",\"position\":2,\"name\":\"Products and services\",\"item\":\"https:\/\/dynfut.cz\/en\/products-and-services\/\"},{\"@type\":\"ListItem\",\"position\":3,\"name\":\"Intelligent warehouse management &#8211; SALSO WMS\"}]},{\"@type\":\"WebSite\",\"@id\":\"https:\/\/dynfut.cz\/en\/#website\",\"url\":\"https:\/\/dynfut.cz\/en\/\",\"name\":\"Dynamic Future s.r.o.\",\"description\":\"digital twins (digit\u00e1ln\u00ed dvoj\u010data) pro p\u0159esn\u00e9 rozhodov\u00e1n\u00ed v pr\u016fmyslu a logistice\",\"publisher\":{\"@id\":\"https:\/\/dynfut.cz\/en\/#organization\"},\"potentialAction\":[{\"@type\":\"SearchAction\",\"target\":{\"@type\":\"EntryPoint\",\"urlTemplate\":\"https:\/\/dynfut.cz\/en\/?s={search_term_string}\"},\"query-input\":\"required name=search_term_string\"}],\"inLanguage\":\"en-US\"},{\"@type\":\"Organization\",\"@id\":\"https:\/\/dynfut.cz\/en\/#organization\",\"name\":\"Dynamic Future s.r.o.\",\"url\":\"https:\/\/dynfut.cz\/en\/\",\"logo\":{\"@type\":\"ImageObject\",\"inLanguage\":\"en-US\",\"@id\":\"https:\/\/dynfut.cz\/en\/#\/schema\/logo\/image\/\",\"url\":\"https:\/\/dynfut.cz\/wp-content\/uploads\/2023\/11\/526d5559-a9b3-4197-826b-949d1ffb4a85.jpg\",\"contentUrl\":\"https:\/\/dynfut.cz\/wp-content\/uploads\/2023\/11\/526d5559-a9b3-4197-826b-949d1ffb4a85.jpg\",\"width\":149,\"height\":122,\"caption\":\"Dynamic Future s.r.o.\"},\"image\":{\"@id\":\"https:\/\/dynfut.cz\/en\/#\/schema\/logo\/image\/\"}}]}<\/script>\n<!-- \/ Yoast SEO plugin. -->","yoast_head_json":{"title":"Intelligent warehouse management - SALSO WMS | DYNAMIC FUTURE","robots":{"index":"index","follow":"follow","max-snippet":"max-snippet:-1","max-image-preview":"max-image-preview:large","max-video-preview":"max-video-preview:-1"},"canonical":"https:\/\/dynfut.cz\/en\/products-and-services\/intelligent-warehouse-management-salso-wms\/","og_locale":"en_US","og_type":"article","og_title":"Intelligent warehouse management - SALSO WMS","og_description":"A comprehensive warehouse management system simplifies and streamlines all warehouse processes. It integrates with your ERP and delivers increased productivity, reduced errors and operational cost savings.","og_url":"https:\/\/dynfut.cz\/en\/products-and-services\/intelligent-warehouse-management-salso-wms\/","og_site_name":"DYNAMIC FUTURE","article_modified_time":"2025-04-30T11:33:38+00:00","og_image":[{"url":"https:\/\/dynfut.cz\/wp-content\/uploads\/2025\/01\/Salso-WMS-web.png"}],"twitter_card":"summary_large_image","twitter_title":"Intelligent warehouse management - SALSO WMS","twitter_image":"https:\/\/dynfut.cz\/wp-content\/uploads\/2025\/01\/Salso-WMS-2.png","twitter_misc":{"Est. reading time":"2 minutes"},"schema":{"@context":"https:\/\/schema.org","@graph":[{"@type":"WebPage","@id":"https:\/\/dynfut.cz\/en\/products-and-services\/intelligent-warehouse-management-salso-wms\/","url":"https:\/\/dynfut.cz\/en\/products-and-services\/intelligent-warehouse-management-salso-wms\/","name":"Intelligent warehouse management - SALSO WMS | DYNAMIC FUTURE","isPartOf":{"@id":"https:\/\/dynfut.cz\/en\/#website"},"primaryImageOfPage":{"@id":"https:\/\/dynfut.cz\/en\/products-and-services\/intelligent-warehouse-management-salso-wms\/#primaryimage"},"image":{"@id":"https:\/\/dynfut.cz\/en\/products-and-services\/intelligent-warehouse-management-salso-wms\/#primaryimage"},"thumbnailUrl":"https:\/\/dynfut.cz\/wp-content\/uploads\/2025\/01\/Salso-WMS-web.png","datePublished":"2025-01-13T10:54:15+00:00","dateModified":"2025-04-30T11:33:38+00:00","breadcrumb":{"@id":"https:\/\/dynfut.cz\/en\/products-and-services\/intelligent-warehouse-management-salso-wms\/#breadcrumb"},"inLanguage":"en-US","potentialAction":[{"@type":"ReadAction","target":["https:\/\/dynfut.cz\/en\/products-and-services\/intelligent-warehouse-management-salso-wms\/"]}]},{"@type":"ImageObject","inLanguage":"en-US","@id":"https:\/\/dynfut.cz\/en\/products-and-services\/intelligent-warehouse-management-salso-wms\/#primaryimage","url":"https:\/\/dynfut.cz\/wp-content\/uploads\/2025\/01\/Salso-WMS-web.png","contentUrl":"https:\/\/dynfut.cz\/wp-content\/uploads\/2025\/01\/Salso-WMS-web.png"},{"@type":"BreadcrumbList","@id":"https:\/\/dynfut.cz\/en\/products-and-services\/intelligent-warehouse-management-salso-wms\/#breadcrumb","itemListElement":[{"@type":"ListItem","position":1,"name":"Home","item":"https:\/\/dynfut.cz\/en\/"},{"@type":"ListItem","position":2,"name":"Products and services","item":"https:\/\/dynfut.cz\/en\/products-and-services\/"},{"@type":"ListItem","position":3,"name":"Intelligent warehouse management &#8211; SALSO WMS"}]},{"@type":"WebSite","@id":"https:\/\/dynfut.cz\/en\/#website","url":"https:\/\/dynfut.cz\/en\/","name":"Dynamic Future s.r.o.","description":"digital twins (digit\u00e1ln\u00ed dvoj\u010data) pro p\u0159esn\u00e9 rozhodov\u00e1n\u00ed v pr\u016fmyslu a logistice","publisher":{"@id":"https:\/\/dynfut.cz\/en\/#organization"},"potentialAction":[{"@type":"SearchAction","target":{"@type":"EntryPoint","urlTemplate":"https:\/\/dynfut.cz\/en\/?s={search_term_string}"},"query-input":"required name=search_term_string"}],"inLanguage":"en-US"},{"@type":"Organization","@id":"https:\/\/dynfut.cz\/en\/#organization","name":"Dynamic Future s.r.o.","url":"https:\/\/dynfut.cz\/en\/","logo":{"@type":"ImageObject","inLanguage":"en-US","@id":"https:\/\/dynfut.cz\/en\/#\/schema\/logo\/image\/","url":"https:\/\/dynfut.cz\/wp-content\/uploads\/2023\/11\/526d5559-a9b3-4197-826b-949d1ffb4a85.jpg","contentUrl":"https:\/\/dynfut.cz\/wp-content\/uploads\/2023\/11\/526d5559-a9b3-4197-826b-949d1ffb4a85.jpg","width":149,"height":122,"caption":"Dynamic Future s.r.o."},"image":{"@id":"https:\/\/dynfut.cz\/en\/#\/schema\/logo\/image\/"}}]}},"_links":{"self":[{"href":"https:\/\/dynfut.cz\/en\/wp-json\/wp\/v2\/pages\/7155"}],"collection":[{"href":"https:\/\/dynfut.cz\/en\/wp-json\/wp\/v2\/pages"}],"about":[{"href":"https:\/\/dynfut.cz\/en\/wp-json\/wp\/v2\/types\/page"}],"author":[{"embeddable":true,"href":"https:\/\/dynfut.cz\/en\/wp-json\/wp\/v2\/users\/5"}],"replies":[{"embeddable":true,"href":"https:\/\/dynfut.cz\/en\/wp-json\/wp\/v2\/comments?post=7155"}],"version-history":[{"count":1,"href":"https:\/\/dynfut.cz\/en\/wp-json\/wp\/v2\/pages\/7155\/revisions"}],"predecessor-version":[{"id":7157,"href":"https:\/\/dynfut.cz\/en\/wp-json\/wp\/v2\/pages\/7155\/revisions\/7157"}],"up":[{"embeddable":true,"href":"https:\/\/dynfut.cz\/en\/wp-json\/wp\/v2\/pages\/30"}],"wp:attachment":[{"href":"https:\/\/dynfut.cz\/en\/wp-json\/wp\/v2\/media?parent=7155"}],"curies":[{"name":"wp","href":"https:\/\/api.w.org\/{rel}","templated":true}]}}